{"id":44,"date":"2026-02-11T17:46:19","date_gmt":"2026-02-11T17:46:19","guid":{"rendered":"https:\/\/www.menuhin-stiftung.ch\/?page_id=44"},"modified":"2026-03-27T15:17:57","modified_gmt":"2026-03-27T15:17:57","slug":"gesuche","status":"publish","type":"page","link":"https:\/\/www.menuhin-stiftung.ch\/index.php\/gesuche\/","title":{"rendered":"Gesuche"},"content":{"rendered":"<p>Zweck der 1968 von Lord Yehudi Menuhin gegr\u00fcndeten Stiftung ist es, Kindern und Jugendlichen den Weg zur Musik zu \u00f6ffnen. Die Stiftung engagiert sich daf\u00fcr, dass die Jugend zu eigenem Musizieren und Konzertbesuchen angeregt wird. Die Yehudi Menuhin Stiftung Grenchen unterst\u00fctzt deshalb Projekte die diesem Zweck dienen.<\/p>\n<p><strong>Zurzeit nehmen wir keine Gesuche entgegen.\u00a0<\/strong><\/p>\n<p><a href=\"https:\/\/www.menuhin-stiftung.ch\/index.php\/gesuche-2\/\">Gesuch einreichen<\/a><\/p>\n<p><a href=\"https:\/\/1drv.ms\/f\/c\/a0f4e8a85a6fed6a\/IgBq7W9aqOj0IICgx_8HAAAAAUoMpK35G26IzhYpFPUYEeU?e=IiNS8k\" target=\"_blank\" rel=\"noopener\">Unterlagen upload<\/a><\/p>\n<p>Erfolgreiche Projekte:<\/p>\n<p><img loading=\"lazy\" decoding=\"async\" class=\"alignleft wp-image-55 size-large\" src=\"https:\/\/www.menuhin-stiftung.ch\/wp-content\/uploads\/2026\/02\/20250322_194421-1024x768.jpg\" alt=\"\" width=\"1024\" height=\"768\" srcset=\"https:\/\/www.menuhin-stiftung.ch\/wp-content\/uploads\/2026\/02\/20250322_194421-1024x768.jpg 1024w, https:\/\/www.menuhin-stiftung.ch\/wp-content\/uploads\/2026\/02\/20250322_194421-300x225.jpg 300w, https:\/\/www.menuhin-stiftung.ch\/wp-content\/uploads\/2026\/02\/20250322_194421-768x576.jpg 768w, https:\/\/www.menuhin-stiftung.ch\/wp-content\/uploads\/2026\/02\/20250322_194421-1536x1152.jpg 1536w, https:\/\/www.menuhin-stiftung.ch\/wp-content\/uploads\/2026\/02\/20250322_194421-2048x1536.jpg 2048w\" sizes=\"auto, (max-width: 1024px) 100vw, 1024px\" \/><\/p>\n<p>&nbsp;<\/p>\n<p>&nbsp;<\/p>\n<p>&nbsp;<\/p>\n<p>&nbsp;<\/p>\n<p>&nbsp;<\/p>\n<p>&nbsp;<\/p>\n<p>&nbsp;<\/p>\n<p>&nbsp;<\/p>\n<p>&nbsp;<\/p>\n<p>&nbsp;<\/p>\n<p>&nbsp;<\/p>\n<p>&nbsp;<\/p>\n<p>&nbsp;<\/p>\n<p>&nbsp;<\/p>\n<p>&nbsp;<\/p>\n<p>&nbsp;<\/p>\n<p>&nbsp;<\/p>\n<p>&nbsp;<\/p>\n<p>&nbsp;<\/p>\n<p>Regionales Jugendsinfonie Orchester Solothurn Grenchen<\/p>\n<p><img loading=\"lazy\" decoding=\"async\" class=\"alignleft wp-image-54 size-large\" src=\"https:\/\/www.menuhin-stiftung.ch\/wp-content\/uploads\/2026\/02\/20191109_105244-1024x768.jpg\" alt=\"\" width=\"1024\" height=\"768\" srcset=\"https:\/\/www.menuhin-stiftung.ch\/wp-content\/uploads\/2026\/02\/20191109_105244-1024x768.jpg 1024w, https:\/\/www.menuhin-stiftung.ch\/wp-content\/uploads\/2026\/02\/20191109_105244-300x225.jpg 300w, https:\/\/www.menuhin-stiftung.ch\/wp-content\/uploads\/2026\/02\/20191109_105244-768x576.jpg 768w, https:\/\/www.menuhin-stiftung.ch\/wp-content\/uploads\/2026\/02\/20191109_105244-1536x1152.jpg 1536w, https:\/\/www.menuhin-stiftung.ch\/wp-content\/uploads\/2026\/02\/20191109_105244-2048x1536.jpg 2048w\" sizes=\"auto, (max-width: 1024px) 100vw, 1024px\" \/><\/p>\n<p>&nbsp;<\/p>\n<p>&nbsp;<\/p>\n<p>&nbsp;<\/p>\n<p>&nbsp;<\/p>\n<p>&nbsp;<\/p>\n<p>&nbsp;<\/p>\n<p>&nbsp;<\/p>\n<p>&nbsp;<\/p>\n<p>&nbsp;<\/p>\n<p>&nbsp;<\/p>\n<p>&nbsp;<\/p>\n<p>&nbsp;<\/p>\n<p>&nbsp;<\/p>\n<p>&nbsp;<\/p>\n<p>&nbsp;<\/p>\n<p>&nbsp;<\/p>\n<p>&nbsp;<\/p>\n<p>&nbsp;<\/p>\n<p>&nbsp;<\/p>\n<p>Nationaler Folklorenachwuchs-Wettbewerb<\/p>\n","protected":false},"excerpt":{"rendered":"<p>Zweck der 1968 von Lord Yehudi Menuhin gegr\u00fcndeten Stiftung ist es, Kindern und Jugendlichen den Weg zur Musik zu \u00f6ffnen. Die Stiftung engagiert sich daf\u00fcr, dass die Jugend zu eigenem Musizieren und Konzertbesuchen angeregt wird. Die Yehudi Menuhin Stiftung Grenchen unterst\u00fctzt deshalb Projekte die diesem Zweck dienen. Zurzeit nehmen wir keine Gesuche entgegen.\u00a0 Gesuch einreichen [&hellip;]<\/p>\n","protected":false},"author":1,"featured_media":55,"parent":0,"menu_order":0,"comment_status":"closed","ping_status":"closed","template":"","meta":{"footnotes":""},"class_list":["post-44","page","type-page","status-publish","has-post-thumbnail","hentry"],"_links":{"self":[{"href":"https:\/\/www.menuhin-stiftung.ch\/index.php\/wp-json\/wp\/v2\/pages\/44","targetHints":{"allow":["GET"]}}],"collection":[{"href":"https:\/\/www.menuhin-stiftung.ch\/index.php\/wp-json\/wp\/v2\/pages"}],"about":[{"href":"https:\/\/www.menuhin-stiftung.ch\/index.php\/wp-json\/wp\/v2\/types\/page"}],"author":[{"embeddable":true,"href":"https:\/\/www.menuhin-stiftung.ch\/index.php\/wp-json\/wp\/v2\/users\/1"}],"replies":[{"embeddable":true,"href":"https:\/\/www.menuhin-stiftung.ch\/index.php\/wp-json\/wp\/v2\/comments?post=44"}],"version-history":[{"count":7,"href":"https:\/\/www.menuhin-stiftung.ch\/index.php\/wp-json\/wp\/v2\/pages\/44\/revisions"}],"predecessor-version":[{"id":154,"href":"https:\/\/www.menuhin-stiftung.ch\/index.php\/wp-json\/wp\/v2\/pages\/44\/revisions\/154"}],"wp:featuredmedia":[{"embeddable":true,"href":"https:\/\/www.menuhin-stiftung.ch\/index.php\/wp-json\/wp\/v2\/media\/55"}],"wp:attachment":[{"href":"https:\/\/www.menuhin-stiftung.ch\/index.php\/wp-json\/wp\/v2\/media?parent=44"}],"curies":[{"name":"wp","href":"https:\/\/api.w.org\/{rel}","templated":true}]}}